{"id":28875,"date":"2026-02-13T12:11:26","date_gmt":"2026-02-13T11:11:26","guid":{"rendered":"https:\/\/web-beta.ailin.es\/?page_id=28875"},"modified":"2026-02-16T09:45:04","modified_gmt":"2026-02-16T08:45:04","slug":"thank-you-for-your-purchase","status":"publish","type":"page","link":"https:\/\/ailin.es\/en\/gracias-por-tu-compra\/","title":{"rendered":"Thank you for your purchase"},"content":{"rendered":"<div data-elementor-type=\"wp-page\" data-elementor-id=\"28875\" class=\"elementor elementor-28875\" data-elementor-post-type=\"page\">\n\t\t\t\t<div class=\"elementor-element elementor-element-f0b2dcf e-flex e-con-boxed e-con e-parent\" data-id=\"f0b2dcf\" data-element_type=\"container\" data-e-type=\"container\" data-settings=\"{&quot;background_background&quot;:&quot;classic&quot;}\">\n\t\t\t\t\t<div class=\"e-con-inner\">\n\t\t<div class=\"elementor-element elementor-element-dfcec87 e-con-full e-flex e-con e-child\" data-id=\"dfcec87\" data-element_type=\"container\" data-e-type=\"container\" data-settings=\"{&quot;background_background&quot;:&quot;classic&quot;}\">\n\t\t\t\t<div class=\"elementor-element elementor-element-9fec9a4 elementor-view-default elementor-widget elementor-widget-icon\" data-id=\"9fec9a4\" data-element_type=\"widget\" data-e-type=\"widget\" data-widget_type=\"icon.default\">\n\t\t\t\t\t\t\t<div class=\"elementor-icon-wrapper\">\n\t\t\t<div class=\"elementor-icon\">\n\t\t\t<svg xmlns=\"http:\/\/www.w3.org\/2000\/svg\" width=\"30\" height=\"30\" viewbox=\"0 0 30 30\" fill=\"none\"><path d=\"M29.0625 14.5312C29.0625 22.5567 22.5567 29.0625 14.5312 29.0625C6.50584 29.0625 0 22.5567 0 14.5312C0 6.50584 6.50584 0 14.5312 0C22.5567 0 29.0625 6.50584 29.0625 14.5312ZM12.8504 22.2254L23.6317 11.4442C23.9978 11.0781 23.9978 10.4845 23.6317 10.1184L22.3059 8.79258C21.9398 8.42643 21.3462 8.42643 20.98 8.79258L12.1875 17.585L8.08248 13.48C7.71639 13.1139 7.12277 13.1139 6.75662 13.48L5.43082 14.8058C5.06473 15.1719 5.06473 15.7655 5.43082 16.1316L11.5246 22.2254C11.8907 22.5915 12.4843 22.5915 12.8504 22.2254Z\" fill=\"#00D996\"><\/path><\/svg>\t\t\t<\/div>\n\t\t<\/div>\n\t\t\t\t\t\t<\/div>\n\t\t\t\t<div class=\"elementor-element elementor-element-3152fe3 elementor-widget elementor-widget-heading\" data-id=\"3152fe3\" data-element_type=\"widget\" data-e-type=\"widget\" data-widget_type=\"heading.default\">\n\t\t\t\t\t<h2 class=\"elementor-heading-title elementor-size-default\">Your order has been placed successfully<\/h2>\t\t\t\t<\/div>\n\t\t\t\t<div class=\"elementor-element elementor-element-cac79e8 elementor-widget elementor-widget-text-editor\" data-id=\"cac79e8\" data-element_type=\"widget\" data-e-type=\"widget\" data-widget_type=\"text-editor.default\">\n\t\t\t\t\t\t\t\t\t<p>Thank you very much for trusting Ailin<\/p><p>You will receive an email with all the information about your order.<\/p>\t\t\t\t\t\t\t\t<\/div>\n\t\t<div class=\"elementor-element elementor-element-01e948d e-con-full e-flex e-con e-child\" data-id=\"01e948d\" data-element_type=\"container\" data-e-type=\"container\">\n\t\t\t\t<div class=\"elementor-element elementor-element-189a6a3 elementor-mobile-align-justify elementor-widget-mobile__width-inherit elementor-widget elementor-widget-button\" data-id=\"189a6a3\" data-element_type=\"widget\" data-e-type=\"widget\" data-widget_type=\"button.default\">\n\t\t\t\t\t\t\t\t\t\t<a class=\"elementor-button elementor-button-link elementor-size-sm\" href=\"https:\/\/ailin.es\/en\/\">\n\t\t\t\t\t\t<span class=\"elementor-button-content-wrapper\">\n\t\t\t\t\t\t\t\t\t<span class=\"elementor-button-text\">Back to home page<\/span>\n\t\t\t\t\t<\/span>\n\t\t\t\t\t<\/a>\n\t\t\t\t\t\t\t\t<\/div>\n\t\t\t\t<div class=\"elementor-element elementor-element-75082a4 elementor-mobile-align-justify elementor-widget-mobile__width-inherit elementor-widget elementor-widget-button\" data-id=\"75082a4\" data-element_type=\"widget\" data-e-type=\"widget\" data-widget_type=\"button.default\">\n\t\t\t\t\t\t\t\t\t\t<a class=\"elementor-button elementor-button-link elementor-size-sm\" href=\"https:\/\/ailin.es\/en\/mi-cuenta\/\">\n\t\t\t\t\t\t<span class=\"elementor-button-content-wrapper\">\n\t\t\t\t\t\t\t\t\t<span class=\"elementor-button-text\">View my orders<\/span>\n\t\t\t\t\t<\/span>\n\t\t\t\t\t<\/a>\n\t\t\t\t\t\t\t\t<\/div>\n\t\t\t\t<\/div>\n\t\t\t\t<\/div>\n\t\t\t\t\t<\/div>\n\t\t\t\t<\/div>\n\t\t\t\t<\/div>","protected":false},"excerpt":{"rendered":"<p>Your order has been placed successfully Thank you for trusting Ailin You will receive an email with all the information about your order Back to the home page View my orders<\/p>","protected":false},"author":3,"featured_media":0,"parent":0,"menu_order":0,"comment_status":"closed","ping_status":"closed","template":"","meta":{"_acf_changed":false,"footnotes":""},"class_list":["post-28875","page","type-page","status-publish","hentry"],"acf":[],"yoast_head":"<!-- This site is optimized with the Yoast SEO plugin v27.4 - https:\/\/yoast.com\/product\/yoast-seo-wordpress\/ -->\n<title>Gracias por tu compra - Ailin.Health<\/title>\n<meta name=\"robots\" content=\"index, follow, max-snippet:-1, max-image-preview:large, max-video-preview:-1\" \/>\n<link rel=\"canonical\" href=\"https:\/\/ailin.es\/en\/thank-you-for-your-purchase\/\" \/>\n<meta property=\"og:locale\" content=\"en_GB\" \/>\n<meta property=\"og:type\" content=\"article\" \/>\n<meta property=\"og:title\" content=\"Gracias por tu compra - Ailin.Health\" \/>\n<meta property=\"og:description\" content=\"Tu pedido ha sido realizado correctamente Muchas gracias por confiar en Ailin Recibir\u00e1s un email con toda la informaci\u00f3n del pedido Volver a la p\u00e1gina de inicio Ver mis pedidos\" \/>\n<meta property=\"og:url\" content=\"https:\/\/ailin.es\/en\/thank-you-for-your-purchase\/\" \/>\n<meta property=\"og:site_name\" content=\"Ailin.Health\" \/>\n<meta property=\"article:modified_time\" content=\"2026-02-16T08:45:04+00:00\" \/>\n<meta name=\"twitter:card\" content=\"summary_large_image\" \/>\n<meta name=\"twitter:label1\" content=\"Estimated reading time\" \/>\n\t<meta name=\"twitter:data1\" content=\"1 minute\" \/>\n<script type=\"application\/ld+json\" class=\"yoast-schema-graph\">{\"@context\":\"https:\\\/\\\/schema.org\",\"@graph\":[{\"@type\":\"WebPage\",\"@id\":\"https:\\\/\\\/ailin.es\\\/gracias-por-tu-compra\\\/\",\"url\":\"https:\\\/\\\/ailin.es\\\/gracias-por-tu-compra\\\/\",\"name\":\"Gracias por tu compra - Ailin.Health\",\"isPartOf\":{\"@id\":\"https:\\\/\\\/ailin.es\\\/#website\"},\"datePublished\":\"2026-02-13T11:11:26+00:00\",\"dateModified\":\"2026-02-16T08:45:04+00:00\",\"breadcrumb\":{\"@id\":\"https:\\\/\\\/ailin.es\\\/gracias-por-tu-compra\\\/#breadcrumb\"},\"inLanguage\":\"en-GB\",\"potentialAction\":[{\"@type\":\"ReadAction\",\"target\":[\"https:\\\/\\\/ailin.es\\\/gracias-por-tu-compra\\\/\"]}]},{\"@type\":\"BreadcrumbList\",\"@id\":\"https:\\\/\\\/ailin.es\\\/gracias-por-tu-compra\\\/#breadcrumb\",\"itemListElement\":[{\"@type\":\"ListItem\",\"position\":1,\"name\":\"Portada\",\"item\":\"https:\\\/\\\/ailin.es\\\/\"},{\"@type\":\"ListItem\",\"position\":2,\"name\":\"Gracias por tu compra\"}]},{\"@type\":\"WebSite\",\"@id\":\"https:\\\/\\\/ailin.es\\\/#website\",\"url\":\"https:\\\/\\\/ailin.es\\\/\",\"name\":\"Ailin.Health\",\"description\":\"\",\"publisher\":{\"@id\":\"https:\\\/\\\/ailin.es\\\/#organization\"},\"potentialAction\":[{\"@type\":\"SearchAction\",\"target\":{\"@type\":\"EntryPoint\",\"urlTemplate\":\"https:\\\/\\\/ailin.es\\\/?s={search_term_string}\"},\"query-input\":{\"@type\":\"PropertyValueSpecification\",\"valueRequired\":true,\"valueName\":\"search_term_string\"}}],\"inLanguage\":\"en-GB\"},{\"@type\":\"Organization\",\"@id\":\"https:\\\/\\\/ailin.es\\\/#organization\",\"name\":\"Ailin Health\",\"url\":\"https:\\\/\\\/ailin.es\\\/\",\"logo\":{\"@type\":\"ImageObject\",\"inLanguage\":\"en-GB\",\"@id\":\"https:\\\/\\\/ailin.es\\\/#\\\/schema\\\/logo\\\/image\\\/\",\"url\":\"https:\\\/\\\/ailin.es\\\/wp-content\\\/uploads\\\/2026\\\/01\\\/logo-ailin.svg\",\"contentUrl\":\"https:\\\/\\\/ailin.es\\\/wp-content\\\/uploads\\\/2026\\\/01\\\/logo-ailin.svg\",\"width\":125,\"height\":38,\"caption\":\"Ailin Health\"},\"image\":{\"@id\":\"https:\\\/\\\/ailin.es\\\/#\\\/schema\\\/logo\\\/image\\\/\"}}]}<\/script>\n<!-- \/ Yoast SEO plugin. -->","yoast_head_json":{"title":"Thank you for your purchase - Ailin.Health","robots":{"index":"index","follow":"follow","max-snippet":"max-snippet:-1","max-image-preview":"max-image-preview:large","max-video-preview":"max-video-preview:-1"},"canonical":"https:\/\/ailin.es\/en\/thank-you-for-your-purchase\/","og_locale":"en_GB","og_type":"article","og_title":"Gracias por tu compra - Ailin.Health","og_description":"Tu pedido ha sido realizado correctamente Muchas gracias por confiar en Ailin Recibir\u00e1s un email con toda la informaci\u00f3n del pedido Volver a la p\u00e1gina de inicio Ver mis pedidos","og_url":"https:\/\/ailin.es\/en\/thank-you-for-your-purchase\/","og_site_name":"Ailin.Health","article_modified_time":"2026-02-16T08:45:04+00:00","twitter_card":"summary_large_image","twitter_misc":{"Estimated reading time":"1 minute"},"schema":{"@context":"https:\/\/schema.org","@graph":[{"@type":"WebPage","@id":"https:\/\/ailin.es\/gracias-por-tu-compra\/","url":"https:\/\/ailin.es\/gracias-por-tu-compra\/","name":"Thank you for your purchase - Ailin.Health","isPartOf":{"@id":"https:\/\/ailin.es\/#website"},"datePublished":"2026-02-13T11:11:26+00:00","dateModified":"2026-02-16T08:45:04+00:00","breadcrumb":{"@id":"https:\/\/ailin.es\/gracias-por-tu-compra\/#breadcrumb"},"inLanguage":"en-GB","potentialAction":[{"@type":"ReadAction","target":["https:\/\/ailin.es\/gracias-por-tu-compra\/"]}]},{"@type":"BreadcrumbList","@id":"https:\/\/ailin.es\/gracias-por-tu-compra\/#breadcrumb","itemListElement":[{"@type":"ListItem","position":1,"name":"Portada","item":"https:\/\/ailin.es\/"},{"@type":"ListItem","position":2,"name":"Gracias por tu compra"}]},{"@type":"WebSite","@id":"https:\/\/ailin.es\/#website","url":"https:\/\/ailin.es\/","name":"Ailin.Health","description":"","publisher":{"@id":"https:\/\/ailin.es\/#organization"},"potentialAction":[{"@type":"SearchAction","target":{"@type":"EntryPoint","urlTemplate":"https:\/\/ailin.es\/?s={search_term_string}"},"query-input":{"@type":"PropertyValueSpecification","valueRequired":true,"valueName":"search_term_string"}}],"inLanguage":"en-GB"},{"@type":"Organization","@id":"https:\/\/ailin.es\/#organization","name":"Ailin Health","url":"https:\/\/ailin.es\/","logo":{"@type":"ImageObject","inLanguage":"en-GB","@id":"https:\/\/ailin.es\/#\/schema\/logo\/image\/","url":"https:\/\/ailin.es\/wp-content\/uploads\/2026\/01\/logo-ailin.svg","contentUrl":"https:\/\/ailin.es\/wp-content\/uploads\/2026\/01\/logo-ailin.svg","width":125,"height":38,"caption":"Ailin Health"},"image":{"@id":"https:\/\/ailin.es\/#\/schema\/logo\/image\/"}}]}},"_links":{"self":[{"href":"https:\/\/ailin.es\/en\/wp-json\/wp\/v2\/pages\/28875","targetHints":{"allow":["GET"]}}],"collection":[{"href":"https:\/\/ailin.es\/en\/wp-json\/wp\/v2\/pages"}],"about":[{"href":"https:\/\/ailin.es\/en\/wp-json\/wp\/v2\/types\/page"}],"author":[{"embeddable":true,"href":"https:\/\/ailin.es\/en\/wp-json\/wp\/v2\/users\/3"}],"replies":[{"embeddable":true,"href":"https:\/\/ailin.es\/en\/wp-json\/wp\/v2\/comments?post=28875"}],"version-history":[{"count":13,"href":"https:\/\/ailin.es\/en\/wp-json\/wp\/v2\/pages\/28875\/revisions"}],"predecessor-version":[{"id":28960,"href":"https:\/\/ailin.es\/en\/wp-json\/wp\/v2\/pages\/28875\/revisions\/28960"}],"wp:attachment":[{"href":"https:\/\/ailin.es\/en\/wp-json\/wp\/v2\/media?parent=28875"}],"curies":[{"name":"wp","href":"https:\/\/api.w.org\/{rel}","templated":true}]}}